{"id":10802,"date":"2021-05-14T11:30:06","date_gmt":"2021-05-14T09:30:06","guid":{"rendered":"https:\/\/www.lasallemontblanc.com\/attivita-invernali-monte-bianco\/"},"modified":"2021-06-03T16:43:21","modified_gmt":"2021-06-03T14:43:21","slug":"attivita-invernali-monte-bianco","status":"publish","type":"page","link":"https:\/\/www.lasallemontblanc.com\/fr\/attivita-invernali-monte-bianco\/","title":{"rendered":"L&rsquo;Hiver \u00e0 La Salle Mont Blanc"},"content":{"rendered":"<div class=\"wpb-content-wrapper\"><p>[vc_row][vc_column]<div class=\"mkdf-animation-holder mkdf-grow-in\" data-animation=\"mkdf-grow-in\" data-animation-delay=\"5\"><div class=\"mkdf-animation-inner\"><div class=\"mkdf-section-title-holder  \" style=\"text-align: left\">\n\t<div class=\"mkdf-st-inner\">\n\t\t\t\t\t<h2 class=\"mkdf-st-subtitle\" >\n\t\t\t\tVenez d\u00e9couvrir\t\t\t<\/h2>\n\t\t\t\t\t\t\t<h4 class=\"mkdf-st-title\" >\n\t\t\t\tl'hiver dans les Alpes\t\t\t<\/h4>\n\t\t\t\t\t<\/div>\n<\/div><\/div><\/div>[vc_empty_space height=\u00a0\u00bb33px\u00a0\u00bb][vc_column_text]La Salle est un paradis pour les sports d&rsquo;hiver.<\/p>\n<p>Situ\u00e9e dans un contexte incroyable, au c\u0153ur des Alpes, notre commune est proche de deux <strong>grands domaines skiables<\/strong>: Courmayeur, avec plus de 100 km de pistes et l&rsquo;Espace San Bernardo international de La Thuile, qui permet aux amateurs de ski de faire la navette entre l&rsquo;Italie et la France dans le m\u00eame espace&#8230;<\/p>\n<p>L&rsquo;<strong>emplacement strat\u00e9gique<\/strong> de La Salle la rend \u00e9galement tr\u00e8s attrayante pour visiter les stations de ski du Val d&rsquo;Aoste, comme Pila, Cervinia et Monterosa Ski, entre le Val d&rsquo;Aoste et le Pi\u00e9mont.<br \/>\nPour les amateurs de ski de fond, il existe tout autant d&rsquo;alternatives pr\u00e8s de La Salle, toutes caract\u00e9ris\u00e9es par un paysage naturel majestueux et des pistes pour tous les niveaux.<br \/>\nSi vous pr\u00e9f\u00e9rez le ski de randonn\u00e9e, notre territoire est id\u00e9al pour vous, car ici il y a diff\u00e9rents itin\u00e9raires, tous magnifiques et avec des vues privil\u00e9gi\u00e9es sur les incroyables sommets alpins du Val d&rsquo;Aoste.<\/p>\n<p>Mais si ce que vous recherchez, c&rsquo;est la d\u00e9tente et le bien-\u00eatre, alors vous ne pouvez pas manquer de visiter les c\u00e9l\u00e8bres Thermes de Pr\u00e9 Saint Didier&#8230;[\/vc_column_text][vc_empty_space height=\u00a0\u00bb111px\u00a0\u00bb][\/vc_column][\/vc_row][vc_row full_width=\u00a0\u00bbstretch_row_content\u00a0\u00bb css=\u00a0\u00bb.vc_custom_1619433002939{padding-bottom: 111px !important;}\u00a0\u00bb][vc_column width=\u00a0\u00bb1\/4&Prime;]<div class=\"ult-new-ib ult-ib-effect-style4  ult-ib-resp ult-ib2-min-height \" data-min-width=\"768\" data-max-width=\"900\" style=\"background:#353535; opacity:0; \" data-opacity=\"0.5\" data-hover-opacity=\"1\"  data-min-height=\"400\" ><img decoding=\"async\" class=\"ult-new-ib-img\" style=\"opacity:0.5;\" alt=\"null\" src=\"https:\/\/www.lasallemontblanc.com\/wp-content\/uploads\/2021\/04\/sci-a-lasalle-mont-blanc.jpg\"  data-min-height=\"400\"   \/><div id=\"interactive-banner-wrap-2203\" class=\"ult-new-ib-desc\" style=\"\"><h2 class=\"ult-new-ib-title ult-responsive\"  data-ultimate-target='#interactive-banner-wrap-2203 .ult-new-ib-title'  data-responsive-json-new='{\"font-size\":\"desktop:50px;\",\"line-height\":\"desktop:77px;\"}'  style=\"font-weight:normal;\">Ski alpin<\/h2><\/div><a class=\"ult-new-ib-link\" href=\"https:\/\/www.lasallemontblanc.com\/fr\/destinations\/sci-di-discesa\/\" title=\"Ski alpin\"  ><\/a><\/div>[vc_empty_space][\/vc_column][vc_column width=\u00a0\u00bb1\/4&Prime;]<div class=\"ult-new-ib ult-ib-effect-style4  ult-ib-resp ult-ib2-min-height \" data-min-width=\"768\" data-max-width=\"900\" style=\"background:#353535; opacity:0; \" data-opacity=\"0.5\" data-hover-opacity=\"1\"  data-min-height=\"400\" ><img decoding=\"async\" class=\"ult-new-ib-img\" style=\"opacity:0.5;\" alt=\"null\" src=\"https:\/\/www.lasallemontblanc.com\/wp-content\/uploads\/2021\/04\/sci-fondo-valled-aosta.jpg\"  data-min-height=\"400\"   \/><div id=\"interactive-banner-wrap-4831\" class=\"ult-new-ib-desc\" style=\"\"><h2 class=\"ult-new-ib-title ult-responsive\"  data-ultimate-target='#interactive-banner-wrap-4831 .ult-new-ib-title'  data-responsive-json-new='{\"font-size\":\"desktop:50px;\",\"line-height\":\"desktop:77px;\"}'  style=\"font-weight:normal;\">Ski de fond<\/h2><\/div><a class=\"ult-new-ib-link\" href=\"https:\/\/www.lasallemontblanc.com\/fr\/destinations\/sci-di-fondo\/\" title=\"Domaine skiable de La Thuile\"  data-touch-delay=\"400\"><\/a><\/div>[vc_empty_space][\/vc_column][vc_column width=\u00a0\u00bb1\/4&Prime;]<div class=\"ult-new-ib ult-ib-effect-style4  ult-ib-resp ult-ib2-min-height \" data-min-width=\"768\" data-max-width=\"900\" style=\"background:#353535; opacity:0; \" data-opacity=\"0.5\" data-hover-opacity=\"1\"  data-min-height=\"400\" ><img decoding=\"async\" class=\"ult-new-ib-img\" style=\"opacity:0.5;\" alt=\"null\" src=\"https:\/\/www.lasallemontblanc.com\/wp-content\/uploads\/2021\/04\/scialpinismo-valle-daosta.jpg\"  data-min-height=\"400\"   \/><div id=\"interactive-banner-wrap-3231\" class=\"ult-new-ib-desc\" style=\"\"><h2 class=\"ult-new-ib-title ult-responsive\"  data-ultimate-target='#interactive-banner-wrap-3231 .ult-new-ib-title'  data-responsive-json-new='{\"font-size\":\"desktop:50px;\",\"line-height\":\"desktop:77px;\"}'  style=\"font-weight:normal;\">Ski de randonn\u00e9e<\/h2><\/div><a class=\"ult-new-ib-link\" href=\"https:\/\/www.lasallemontblanc.com\/fr\/destinations\/sci-alpinismo\/\" title=\"Ski de randonn\u00e9e\"  ><\/a><\/div>[vc_empty_space][\/vc_column][vc_column width=\u00a0\u00bb1\/4&Prime;]<div class=\"ult-new-ib ult-ib-effect-style4  ult-ib-resp ult-ib2-min-height \" data-min-width=\"768\" data-max-width=\"900\" style=\"background:#353535; opacity:0; \" data-opacity=\"0.5\" data-hover-opacity=\"1\"  data-min-height=\"400\" ><img decoding=\"async\" class=\"ult-new-ib-img\" style=\"opacity:0.5;\" alt=\"null\" src=\"https:\/\/www.lasallemontblanc.com\/wp-content\/uploads\/2021\/04\/scialpinismo-valle-d-aosta.jpg\"  data-min-height=\"400\"   \/><div id=\"interactive-banner-wrap-1411\" class=\"ult-new-ib-desc\" style=\"\"><h2 class=\"ult-new-ib-title ult-responsive\"  data-ultimate-target='#interactive-banner-wrap-1411 .ult-new-ib-title'  data-responsive-json-new='{\"font-size\":\"desktop:50px;\",\"line-height\":\"desktop:77px;\"}'  style=\"font-weight:normal;\">Raquettes<\/h2><\/div><a class=\"ult-new-ib-link\" href=\"https:\/\/www.lasallemontblanc.com\/fr\/destinations\/ciaspole\/\" title=\"Randonn\u00e9es en raquettes\"  ><\/a><\/div>[vc_empty_space][\/vc_column][\/vc_row]<\/p>\n<\/div>","protected":false},"excerpt":{"rendered":"<p>[vc_row][vc_column][vc_empty_space height=\u00a0\u00bb33px\u00a0\u00bb][vc_column_text]La Salle est un paradis pour les sports d&rsquo;hiver. Situ\u00e9e dans un contexte incroyable, au c\u0153ur des Alpes, notre [&hellip;]<\/p>\n","protected":false},"author":1,"featured_media":0,"parent":0,"menu_order":0,"comment_status":"closed","ping_status":"closed","template":"","meta":{"footnotes":""},"class_list":["post-10802","page","type-page","status-publish","hentry"],"yoast_head":"<!-- This site is optimized with the Yoast SEO plugin v27.1.1 - https:\/\/yoast.com\/product\/yoast-seo-wordpress\/ -->\n<title>L&#039;Hiver \u00e0 La Salle Mont Blanc - La Salle Mont Blanc Experience<\/title>\n<meta name=\"robots\" content=\"index, follow, max-snippet:-1, max-image-preview:large, max-video-preview:-1\" \/>\n<link rel=\"canonical\" href=\"https:\/\/www.lasallemontblanc.com\/attivita-invernali-monte-bianco\/\" \/>\n<meta property=\"og:locale\" content=\"fr_FR\" \/>\n<meta property=\"og:type\" content=\"article\" \/>\n<meta property=\"og:title\" content=\"L&#039;Hiver \u00e0 La Salle Mont Blanc - La Salle Mont Blanc Experience\" \/>\n<meta property=\"og:description\" content=\"[vc_row][vc_column][vc_empty_space height=\u00a0\u00bb33px\u00a0\u00bb][vc_column_text]La Salle est un paradis pour les sports d&rsquo;hiver. Situ\u00e9e dans un contexte incroyable, au c\u0153ur des Alpes, notre [&hellip;]\" \/>\n<meta property=\"og:url\" content=\"https:\/\/www.lasallemontblanc.com\/attivita-invernali-monte-bianco\/\" \/>\n<meta property=\"og:site_name\" content=\"La Salle Mont Blanc Experience\" \/>\n<meta property=\"article:modified_time\" content=\"2021-06-03T14:43:21+00:00\" \/>\n<meta name=\"twitter:card\" content=\"summary_large_image\" \/>\n<meta name=\"twitter:label1\" content=\"Dur\u00e9e de lecture estim\u00e9e\" \/>\n\t<meta name=\"twitter:data1\" content=\"2 minutes\" \/>\n<script type=\"application\/ld+json\" class=\"yoast-schema-graph\">{\"@context\":\"https:\/\/schema.org\",\"@graph\":[{\"@type\":\"WebPage\",\"@id\":\"https:\/\/www.lasallemontblanc.com\/attivita-invernali-monte-bianco\/\",\"url\":\"https:\/\/www.lasallemontblanc.com\/attivita-invernali-monte-bianco\/\",\"name\":\"L'Hiver \u00e0 La Salle Mont Blanc - La Salle Mont Blanc Experience\",\"isPartOf\":{\"@id\":\"https:\/\/www.lasallemontblanc.com\/#website\"},\"datePublished\":\"2021-05-14T09:30:06+00:00\",\"dateModified\":\"2021-06-03T14:43:21+00:00\",\"breadcrumb\":{\"@id\":\"https:\/\/www.lasallemontblanc.com\/attivita-invernali-monte-bianco\/#breadcrumb\"},\"inLanguage\":\"fr-FR\",\"potentialAction\":[{\"@type\":\"ReadAction\",\"target\":[\"https:\/\/www.lasallemontblanc.com\/attivita-invernali-monte-bianco\/\"]}]},{\"@type\":\"BreadcrumbList\",\"@id\":\"https:\/\/www.lasallemontblanc.com\/attivita-invernali-monte-bianco\/#breadcrumb\",\"itemListElement\":[{\"@type\":\"ListItem\",\"position\":1,\"name\":\"Home\",\"item\":\"https:\/\/www.lasallemontblanc.com\/fr\/\"},{\"@type\":\"ListItem\",\"position\":2,\"name\":\"L&#8217;Hiver \u00e0 La Salle Mont Blanc\"}]},{\"@type\":\"WebSite\",\"@id\":\"https:\/\/www.lasallemontblanc.com\/#website\",\"url\":\"https:\/\/www.lasallemontblanc.com\/\",\"name\":\"La Salle Mont Blanc Experience\",\"description\":\"Vivi il turismo nel Monte Bianco\",\"potentialAction\":[{\"@type\":\"SearchAction\",\"target\":{\"@type\":\"EntryPoint\",\"urlTemplate\":\"https:\/\/www.lasallemontblanc.com\/?s={search_term_string}\"},\"query-input\":{\"@type\":\"PropertyValueSpecification\",\"valueRequired\":true,\"valueName\":\"search_term_string\"}}],\"inLanguage\":\"fr-FR\"}]}<\/script>\n<!-- \/ Yoast SEO plugin. -->","yoast_head_json":{"title":"L'Hiver \u00e0 La Salle Mont Blanc - La Salle Mont Blanc Experience","robots":{"index":"index","follow":"follow","max-snippet":"max-snippet:-1","max-image-preview":"max-image-preview:large","max-video-preview":"max-video-preview:-1"},"canonical":"https:\/\/www.lasallemontblanc.com\/attivita-invernali-monte-bianco\/","og_locale":"fr_FR","og_type":"article","og_title":"L'Hiver \u00e0 La Salle Mont Blanc - La Salle Mont Blanc Experience","og_description":"[vc_row][vc_column][vc_empty_space height=\u00a0\u00bb33px\u00a0\u00bb][vc_column_text]La Salle est un paradis pour les sports d&rsquo;hiver. Situ\u00e9e dans un contexte incroyable, au c\u0153ur des Alpes, notre [&hellip;]","og_url":"https:\/\/www.lasallemontblanc.com\/attivita-invernali-monte-bianco\/","og_site_name":"La Salle Mont Blanc Experience","article_modified_time":"2021-06-03T14:43:21+00:00","twitter_card":"summary_large_image","twitter_misc":{"Dur\u00e9e de lecture estim\u00e9e":"2 minutes"},"schema":{"@context":"https:\/\/schema.org","@graph":[{"@type":"WebPage","@id":"https:\/\/www.lasallemontblanc.com\/attivita-invernali-monte-bianco\/","url":"https:\/\/www.lasallemontblanc.com\/attivita-invernali-monte-bianco\/","name":"L'Hiver \u00e0 La Salle Mont Blanc - La Salle Mont Blanc Experience","isPartOf":{"@id":"https:\/\/www.lasallemontblanc.com\/#website"},"datePublished":"2021-05-14T09:30:06+00:00","dateModified":"2021-06-03T14:43:21+00:00","breadcrumb":{"@id":"https:\/\/www.lasallemontblanc.com\/attivita-invernali-monte-bianco\/#breadcrumb"},"inLanguage":"fr-FR","potentialAction":[{"@type":"ReadAction","target":["https:\/\/www.lasallemontblanc.com\/attivita-invernali-monte-bianco\/"]}]},{"@type":"BreadcrumbList","@id":"https:\/\/www.lasallemontblanc.com\/attivita-invernali-monte-bianco\/#breadcrumb","itemListElement":[{"@type":"ListItem","position":1,"name":"Home","item":"https:\/\/www.lasallemontblanc.com\/fr\/"},{"@type":"ListItem","position":2,"name":"L&#8217;Hiver \u00e0 La Salle Mont Blanc"}]},{"@type":"WebSite","@id":"https:\/\/www.lasallemontblanc.com\/#website","url":"https:\/\/www.lasallemontblanc.com\/","name":"La Salle Mont Blanc Experience","description":"Vivi il turismo nel Monte Bianco","potentialAction":[{"@type":"SearchAction","target":{"@type":"EntryPoint","urlTemplate":"https:\/\/www.lasallemontblanc.com\/?s={search_term_string}"},"query-input":{"@type":"PropertyValueSpecification","valueRequired":true,"valueName":"search_term_string"}}],"inLanguage":"fr-FR"}]}},"_links":{"self":[{"href":"https:\/\/www.lasallemontblanc.com\/fr\/wp-json\/wp\/v2\/pages\/10802","targetHints":{"allow":["GET"]}}],"collection":[{"href":"https:\/\/www.lasallemontblanc.com\/fr\/wp-json\/wp\/v2\/pages"}],"about":[{"href":"https:\/\/www.lasallemontblanc.com\/fr\/wp-json\/wp\/v2\/types\/page"}],"author":[{"embeddable":true,"href":"https:\/\/www.lasallemontblanc.com\/fr\/wp-json\/wp\/v2\/users\/1"}],"replies":[{"embeddable":true,"href":"https:\/\/www.lasallemontblanc.com\/fr\/wp-json\/wp\/v2\/comments?post=10802"}],"version-history":[{"count":0,"href":"https:\/\/www.lasallemontblanc.com\/fr\/wp-json\/wp\/v2\/pages\/10802\/revisions"}],"wp:attachment":[{"href":"https:\/\/www.lasallemontblanc.com\/fr\/wp-json\/wp\/v2\/media?parent=10802"}],"curies":[{"name":"wp","href":"https:\/\/api.w.org\/{rel}","templated":true}]}}