{"id":10836,"date":"2021-04-25T17:00:37","date_gmt":"2021-04-25T15:00:37","guid":{"rendered":"https:\/\/www.lasallemontblanc.com\/valle-daosta\/"},"modified":"2021-05-25T15:24:19","modified_gmt":"2021-05-25T13:24:19","slug":"valle-daosta","status":"publish","type":"page","link":"https:\/\/www.lasallemontblanc.com\/fr\/valle-daosta\/","title":{"rendered":"Dans la Vall\u00e9e d&rsquo;Aoste"},"content":{"rendered":"<div class=\"wpb-content-wrapper\"><p>[vc_row css=\u00a0\u00bb.vc_custom_1619532719919{padding-top: 66px !important;padding-bottom: 44px !important;}\u00a0\u00bb][vc_column]<div class=\"mkdf-animation-holder mkdf-grow-in\" data-animation=\"mkdf-grow-in\" data-animation-delay=\"5\"><div class=\"mkdf-animation-inner\"><div class=\"mkdf-section-title-holder  \" style=\"text-align: left\">\n\t<div class=\"mkdf-st-inner\">\n\t\t\t\t\t<h2 class=\"mkdf-st-subtitle\" >\n\t\t\t\tAutres activit\u00e9s\t\t\t<\/h2>\n\t\t\t\t\t\t\t<h4 class=\"mkdf-st-title\" >\n\t\t\t\tdans la Vall\u00e9e d'Aoste\t\t\t<\/h4>\n\t\t\t\t\t<\/div>\n<\/div>[vc_empty_space height=\u00a0\u00bb60px\u00a0\u00bb][vc_column_text]La Vall\u00e9e d&rsquo;Aoste poss\u00e8de un riche patrimoine historique, culturel et architectural, gr\u00e2ce \u00e0 la pr\u00e9sence de nombreux <strong>ch\u00e2teaux<\/strong>, <strong>palais<\/strong> et <strong>monuments<\/strong> qui ne demandent qu&rsquo;\u00e0 \u00eatre admir\u00e9s.<\/p>\n<p>En s\u00e9journant sur le territoire de La Salle, vous aurez l&rsquo;occasion de d\u00e9couvrir ce patrimoine de mani\u00e8re privil\u00e9gi\u00e9e, gr\u00e2ce aux t\u00e9moignages historiques pr\u00e9sents sur place. De plus, en utilisant La Salle comme base de vos d\u00e9placements, vous aurez l&rsquo;avantage ind\u00e9niable de vous trouver dans une<strong> position strat\u00e9gique<\/strong>, \u00e0 proximit\u00e9 de nombreuses attractions touristiques importantes, <strong>sans pour autant sacrifier la s\u00e9r\u00e9nit\u00e9<\/strong> et une relation privil\u00e9gi\u00e9e avec la nature que seule La Salle peut encore garantir&#8230;<\/p>\n<p>Quelques suggestions \u00e0 d\u00e9couvrir sur le territoire r\u00e9gional :[\/vc_column_text]<\/div><\/div>[vc_empty_space height=\u00a0\u00bb111px\u00a0\u00bb][vc_basic_grid post_type=\u00a0\u00bbpost\u00a0\u00bb max_items=\u00a0\u00bb-1&Prime; gap=\u00a0\u00bb5&Prime; orderby=\u00a0\u00bbtitle\u00a0\u00bb item=\u00a0\u00bbbasicGrid_GoTopSlideout\u00a0\u00bb grid_id=\u00a0\u00bbvc_gid:1621948834868-c5b812c2-9514-7&Prime; taxonomies=\u00a0\u00bb70&Prime;][vc_empty_space height=\u00a0\u00bb111px\u00a0\u00bb][\/vc_column][\/vc_row]<\/p>\n<\/div>","protected":false},"excerpt":{"rendered":"<p>[vc_row css=\u00a0\u00bb.vc_custom_1619532719919{padding-top: 66px !important;padding-bottom: 44px !important;}\u00a0\u00bb][vc_column][vc_empty_space height=\u00a0\u00bb111px\u00a0\u00bb][vc_basic_grid post_type=\u00a0\u00bbpost\u00a0\u00bb max_items=\u00a0\u00bb-1&Prime; gap=\u00a0\u00bb5&Prime; orderby=\u00a0\u00bbtitle\u00a0\u00bb item=\u00a0\u00bbbasicGrid_GoTopSlideout\u00a0\u00bb grid_id=\u00a0\u00bbvc_gid:1621948834868-c5b812c2-9514-7&Prime; taxonomies=\u00a0\u00bb70&Prime;][vc_empty_space height=\u00a0\u00bb111px\u00a0\u00bb][\/vc_column][\/vc_row]<\/p>\n","protected":false},"author":1,"featured_media":0,"parent":0,"menu_order":0,"comment_status":"closed","ping_status":"closed","template":"","meta":{"footnotes":""},"class_list":["post-10836","page","type-page","status-publish","hentry"],"yoast_head":"<!-- This site is optimized with the Yoast SEO plugin v27.1.1 - https:\/\/yoast.com\/product\/yoast-seo-wordpress\/ -->\n<title>Dans la Vall\u00e9e d&#039;Aoste - La Salle Mont Blanc Experience<\/title>\n<meta name=\"robots\" content=\"index, follow, max-snippet:-1, max-image-preview:large, max-video-preview:-1\" \/>\n<link rel=\"canonical\" href=\"https:\/\/www.lasallemontblanc.com\/valle-daosta\/\" \/>\n<meta property=\"og:locale\" content=\"fr_FR\" \/>\n<meta property=\"og:type\" content=\"article\" \/>\n<meta property=\"og:title\" content=\"Dans la Vall\u00e9e d&#039;Aoste - La Salle Mont Blanc Experience\" \/>\n<meta property=\"og:description\" content=\"[vc_row css=\u00a0\u00bb.vc_custom_1619532719919{padding-top: 66px !important;padding-bottom: 44px !important;}\u00a0\u00bb][vc_column][vc_empty_space height=\u00a0\u00bb111px\u00a0\u00bb][vc_basic_grid post_type=\u00a0\u00bbpost\u00a0\u00bb max_items=\u00a0\u00bb-1&Prime; gap=\u00a0\u00bb5&Prime; orderby=\u00a0\u00bbtitle\u00a0\u00bb item=\u00a0\u00bbbasicGrid_GoTopSlideout\u00a0\u00bb grid_id=\u00a0\u00bbvc_gid:1621948834868-c5b812c2-9514-7&Prime; taxonomies=\u00a0\u00bb70&Prime;][vc_empty_space height=\u00a0\u00bb111px\u00a0\u00bb][\/vc_column][\/vc_row]\" \/>\n<meta property=\"og:url\" content=\"https:\/\/www.lasallemontblanc.com\/valle-daosta\/\" \/>\n<meta property=\"og:site_name\" content=\"La Salle Mont Blanc Experience\" \/>\n<meta property=\"article:modified_time\" content=\"2021-05-25T13:24:19+00:00\" \/>\n<meta name=\"twitter:card\" content=\"summary_large_image\" \/>\n<meta name=\"twitter:label1\" content=\"Dur\u00e9e de lecture estim\u00e9e\" \/>\n\t<meta name=\"twitter:data1\" content=\"1 minute\" \/>\n<script type=\"application\/ld+json\" class=\"yoast-schema-graph\">{\"@context\":\"https:\/\/schema.org\",\"@graph\":[{\"@type\":\"WebPage\",\"@id\":\"https:\/\/www.lasallemontblanc.com\/valle-daosta\/\",\"url\":\"https:\/\/www.lasallemontblanc.com\/valle-daosta\/\",\"name\":\"Dans la Vall\u00e9e d'Aoste - La Salle Mont Blanc Experience\",\"isPartOf\":{\"@id\":\"https:\/\/www.lasallemontblanc.com\/#website\"},\"datePublished\":\"2021-04-25T15:00:37+00:00\",\"dateModified\":\"2021-05-25T13:24:19+00:00\",\"breadcrumb\":{\"@id\":\"https:\/\/www.lasallemontblanc.com\/valle-daosta\/#breadcrumb\"},\"inLanguage\":\"fr-FR\",\"potentialAction\":[{\"@type\":\"ReadAction\",\"target\":[\"https:\/\/www.lasallemontblanc.com\/valle-daosta\/\"]}]},{\"@type\":\"BreadcrumbList\",\"@id\":\"https:\/\/www.lasallemontblanc.com\/valle-daosta\/#breadcrumb\",\"itemListElement\":[{\"@type\":\"ListItem\",\"position\":1,\"name\":\"Home\",\"item\":\"https:\/\/www.lasallemontblanc.com\/fr\/\"},{\"@type\":\"ListItem\",\"position\":2,\"name\":\"Dans la Vall\u00e9e d&#8217;Aoste\"}]},{\"@type\":\"WebSite\",\"@id\":\"https:\/\/www.lasallemontblanc.com\/#website\",\"url\":\"https:\/\/www.lasallemontblanc.com\/\",\"name\":\"La Salle Mont Blanc Experience\",\"description\":\"Vivi il turismo nel Monte Bianco\",\"potentialAction\":[{\"@type\":\"SearchAction\",\"target\":{\"@type\":\"EntryPoint\",\"urlTemplate\":\"https:\/\/www.lasallemontblanc.com\/?s={search_term_string}\"},\"query-input\":{\"@type\":\"PropertyValueSpecification\",\"valueRequired\":true,\"valueName\":\"search_term_string\"}}],\"inLanguage\":\"fr-FR\"}]}<\/script>\n<!-- \/ Yoast SEO plugin. -->","yoast_head_json":{"title":"Dans la Vall\u00e9e d'Aoste - La Salle Mont Blanc Experience","robots":{"index":"index","follow":"follow","max-snippet":"max-snippet:-1","max-image-preview":"max-image-preview:large","max-video-preview":"max-video-preview:-1"},"canonical":"https:\/\/www.lasallemontblanc.com\/valle-daosta\/","og_locale":"fr_FR","og_type":"article","og_title":"Dans la Vall\u00e9e d'Aoste - La Salle Mont Blanc Experience","og_description":"[vc_row css=\u00a0\u00bb.vc_custom_1619532719919{padding-top: 66px !important;padding-bottom: 44px !important;}\u00a0\u00bb][vc_column][vc_empty_space height=\u00a0\u00bb111px\u00a0\u00bb][vc_basic_grid post_type=\u00a0\u00bbpost\u00a0\u00bb max_items=\u00a0\u00bb-1&Prime; gap=\u00a0\u00bb5&Prime; orderby=\u00a0\u00bbtitle\u00a0\u00bb item=\u00a0\u00bbbasicGrid_GoTopSlideout\u00a0\u00bb grid_id=\u00a0\u00bbvc_gid:1621948834868-c5b812c2-9514-7&Prime; taxonomies=\u00a0\u00bb70&Prime;][vc_empty_space height=\u00a0\u00bb111px\u00a0\u00bb][\/vc_column][\/vc_row]","og_url":"https:\/\/www.lasallemontblanc.com\/valle-daosta\/","og_site_name":"La Salle Mont Blanc Experience","article_modified_time":"2021-05-25T13:24:19+00:00","twitter_card":"summary_large_image","twitter_misc":{"Dur\u00e9e de lecture estim\u00e9e":"1 minute"},"schema":{"@context":"https:\/\/schema.org","@graph":[{"@type":"WebPage","@id":"https:\/\/www.lasallemontblanc.com\/valle-daosta\/","url":"https:\/\/www.lasallemontblanc.com\/valle-daosta\/","name":"Dans la Vall\u00e9e d'Aoste - La Salle Mont Blanc Experience","isPartOf":{"@id":"https:\/\/www.lasallemontblanc.com\/#website"},"datePublished":"2021-04-25T15:00:37+00:00","dateModified":"2021-05-25T13:24:19+00:00","breadcrumb":{"@id":"https:\/\/www.lasallemontblanc.com\/valle-daosta\/#breadcrumb"},"inLanguage":"fr-FR","potentialAction":[{"@type":"ReadAction","target":["https:\/\/www.lasallemontblanc.com\/valle-daosta\/"]}]},{"@type":"BreadcrumbList","@id":"https:\/\/www.lasallemontblanc.com\/valle-daosta\/#breadcrumb","itemListElement":[{"@type":"ListItem","position":1,"name":"Home","item":"https:\/\/www.lasallemontblanc.com\/fr\/"},{"@type":"ListItem","position":2,"name":"Dans la Vall\u00e9e d&#8217;Aoste"}]},{"@type":"WebSite","@id":"https:\/\/www.lasallemontblanc.com\/#website","url":"https:\/\/www.lasallemontblanc.com\/","name":"La Salle Mont Blanc Experience","description":"Vivi il turismo nel Monte Bianco","potentialAction":[{"@type":"SearchAction","target":{"@type":"EntryPoint","urlTemplate":"https:\/\/www.lasallemontblanc.com\/?s={search_term_string}"},"query-input":{"@type":"PropertyValueSpecification","valueRequired":true,"valueName":"search_term_string"}}],"inLanguage":"fr-FR"}]}},"_links":{"self":[{"href":"https:\/\/www.lasallemontblanc.com\/fr\/wp-json\/wp\/v2\/pages\/10836","targetHints":{"allow":["GET"]}}],"collection":[{"href":"https:\/\/www.lasallemontblanc.com\/fr\/wp-json\/wp\/v2\/pages"}],"about":[{"href":"https:\/\/www.lasallemontblanc.com\/fr\/wp-json\/wp\/v2\/types\/page"}],"author":[{"embeddable":true,"href":"https:\/\/www.lasallemontblanc.com\/fr\/wp-json\/wp\/v2\/users\/1"}],"replies":[{"embeddable":true,"href":"https:\/\/www.lasallemontblanc.com\/fr\/wp-json\/wp\/v2\/comments?post=10836"}],"version-history":[{"count":0,"href":"https:\/\/www.lasallemontblanc.com\/fr\/wp-json\/wp\/v2\/pages\/10836\/revisions"}],"wp:attachment":[{"href":"https:\/\/www.lasallemontblanc.com\/fr\/wp-json\/wp\/v2\/media?parent=10836"}],"curies":[{"name":"wp","href":"https:\/\/api.w.org\/{rel}","templated":true}]}}