{"id":10943,"date":"2021-05-14T11:49:16","date_gmt":"2021-05-14T09:49:16","guid":{"rendered":"https:\/\/www.lasallemontblanc.com\/autunno-monte-bianco\/"},"modified":"2021-05-25T18:01:07","modified_gmt":"2021-05-25T16:01:07","slug":"autunno-monte-bianco","status":"publish","type":"page","link":"https:\/\/www.lasallemontblanc.com\/fr\/autunno-monte-bianco\/","title":{"rendered":"L&rsquo;Automne \u00e0 La Salle Mont Blanc"},"content":{"rendered":"<div class=\"wpb-content-wrapper\"><p>[vc_row][vc_column]<div class=\"mkdf-animation-holder mkdf-grow-in\" data-animation=\"mkdf-grow-in\" data-animation-delay=\"5\"><div class=\"mkdf-animation-inner\"><div class=\"mkdf-section-title-holder  \" style=\"text-align: left\">\n\t<div class=\"mkdf-st-inner\">\n\t\t\t\t\t<h2 class=\"mkdf-st-subtitle\" >\n\t\t\t\tL'Automne \u00e0 La Salle\t\t\t<\/h2>\n\t\t\t\t\t\t\t<h4 class=\"mkdf-st-title\" >\n\t\t\t\tFeuillage et \u00e9motions\t\t\t<\/h4>\n\t\t\t\t\t<\/div>\n<\/div><\/div><\/div>[vc_empty_space height=\u00a0\u00bb33px\u00a0\u00bb][vc_column_text]En automne, \u00e0 La Salle, toute la magie de la nature explose dans sa beaut\u00e9 ultime, comme si elle s&rsquo;\u00e9tait r\u00e9serv\u00e9e toute l&rsquo;ann\u00e9e pour le <strong>grand final<\/strong>&#8230; Les for\u00eats s&rsquo;enrichissent de mille nuances de couleurs, feuilles dor\u00e9es, jaunes, rouges, oranges: toutes ces couleurs montrent La Salle sous un aspect unique et merveilleux.<br \/>\n\u00c0 cette \u00e9poque de l&rsquo;ann\u00e9e, avoir le <strong>privil\u00e8ge<\/strong> de visiter les Alpes, c&rsquo;est pouvoir se promener \u00e0 travers les feuillages, contempler l&rsquo;\u00e9volution incessante de la nature, qui se transforme pour vous ravir et vous procurer des \u00e9motions indescriptibles.<\/p>\n<p>Parmi les innombrables possibilit\u00e9s d&rsquo;exp\u00e9riences que les conditions m\u00e9t\u00e9orologiques automnales encore stables permettent, il convient de mentionner tout particuli\u00e8rement les visites de vignobles et d&rsquo;exploitations agricoles. En cette p\u00e9riode de l&rsquo;ann\u00e9e, en effet, une visite des vignobles et des fermes est vivement recommand\u00e9e, afin de d\u00e9couvrir la culture locale \u00e9galement \u00e0 travers sa tradition rurale et les saveurs que ce territoire offre aux palais les plus raffin\u00e9s.[\/vc_column_text][\/vc_column][\/vc_row][vc_row][vc_column][vc_empty_space height=\u00a0\u00bb66px\u00a0\u00bb]<div class=\"mkdf-image-gallery  mkdf-ig-grid-type mkdf-small-space  mkdf-image-behavior-lightbox\">\n\t<div class=\"mkdf-ig-inner mkdf-outer-space mkdf-ig-grid mkdf-ig-three-columns\">\n\t\t\t\t\t<div class=\"mkdf-ig-image mkdf-item-space\">\n\t\t\t\t<div class=\"mkdf-ig-image-inner\">\n\t\t\t\t\t\t\t\t\t\t\t<a itemprop=\"image\" class=\"mkdf-ig-lightbox\" href=\"https:\/\/www.lasallemontblanc.com\/wp-content\/uploads\/2021\/05\/autunno-monte-bianco1.jpg\" data-rel=\"prettyPhoto[image_gallery_pretty_photo-702]\" title=\"autunno-monte-bianco1\">\n\t\t\t\t\t\t\t\t\t\t\t<img loading=\"lazy\" decoding=\"async\" src=\"https:\/\/www.lasallemontblanc.com\/wp-content\/uploads\/2021\/05\/autunno-monte-bianco1-477x322.jpg\" alt=\"\" width=\"477\" height=\"322\" \/>\t\t\t\t\t\t\t\t\t\t\t<\/a>\n\t\t\t\t\t\t\t\t\t<\/div>\n\t\t\t<\/div>\n\t\t\t\t\t<div class=\"mkdf-ig-image mkdf-item-space\">\n\t\t\t\t<div class=\"mkdf-ig-image-inner\">\n\t\t\t\t\t\t\t\t\t\t\t<a itemprop=\"image\" class=\"mkdf-ig-lightbox\" href=\"https:\/\/www.lasallemontblanc.com\/wp-content\/uploads\/2021\/05\/autunno-montebianco-attivita.jpg\" data-rel=\"prettyPhoto[image_gallery_pretty_photo-702]\" title=\"autunno-montebianco-attivita\">\n\t\t\t\t\t\t\t\t\t\t\t<img loading=\"lazy\" decoding=\"async\" src=\"https:\/\/www.lasallemontblanc.com\/wp-content\/uploads\/2021\/05\/autunno-montebianco-attivita-477x322.jpg\" alt=\"\" width=\"477\" height=\"322\" \/>\t\t\t\t\t\t\t\t\t\t\t<\/a>\n\t\t\t\t\t\t\t\t\t<\/div>\n\t\t\t<\/div>\n\t\t\t\t\t<div class=\"mkdf-ig-image mkdf-item-space\">\n\t\t\t\t<div class=\"mkdf-ig-image-inner\">\n\t\t\t\t\t\t\t\t\t\t\t<a itemprop=\"image\" class=\"mkdf-ig-lightbox\" href=\"https:\/\/www.lasallemontblanc.com\/wp-content\/uploads\/2021\/05\/autunno-monte-bianco.jpg\" data-rel=\"prettyPhoto[image_gallery_pretty_photo-702]\" title=\"autunno-monte-bianco\">\n\t\t\t\t\t\t\t\t\t\t\t<img loading=\"lazy\" decoding=\"async\" src=\"https:\/\/www.lasallemontblanc.com\/wp-content\/uploads\/2021\/05\/autunno-monte-bianco-477x322.jpg\" alt=\"\" width=\"477\" height=\"322\" \/>\t\t\t\t\t\t\t\t\t\t\t<\/a>\n\t\t\t\t\t\t\t\t\t<\/div>\n\t\t\t<\/div>\n\t\t\t\t\t<div class=\"mkdf-ig-image mkdf-item-space\">\n\t\t\t\t<div class=\"mkdf-ig-image-inner\">\n\t\t\t\t\t\t\t\t\t\t\t<a itemprop=\"image\" class=\"mkdf-ig-lightbox\" href=\"https:\/\/www.lasallemontblanc.com\/wp-content\/uploads\/2021\/05\/autunno-montebianco-attivita1.jpg\" data-rel=\"prettyPhoto[image_gallery_pretty_photo-702]\" title=\"autunno-montebianco-attivita1\">\n\t\t\t\t\t\t\t\t\t\t\t<img loading=\"lazy\" decoding=\"async\" src=\"https:\/\/www.lasallemontblanc.com\/wp-content\/uploads\/2021\/05\/autunno-montebianco-attivita1-477x322.jpg\" alt=\"\" width=\"477\" height=\"322\" \/>\t\t\t\t\t\t\t\t\t\t\t<\/a>\n\t\t\t\t\t\t\t\t\t<\/div>\n\t\t\t<\/div>\n\t\t\t\t\t<div class=\"mkdf-ig-image mkdf-item-space\">\n\t\t\t\t<div class=\"mkdf-ig-image-inner\">\n\t\t\t\t\t\t\t\t\t\t\t<a itemprop=\"image\" class=\"mkdf-ig-lightbox\" href=\"https:\/\/www.lasallemontblanc.com\/wp-content\/uploads\/2021\/05\/autunno-monte-bianco2.jpg\" data-rel=\"prettyPhoto[image_gallery_pretty_photo-702]\" title=\"autunno-monte-bianco2\">\n\t\t\t\t\t\t\t\t\t\t\t<img loading=\"lazy\" decoding=\"async\" src=\"https:\/\/www.lasallemontblanc.com\/wp-content\/uploads\/2021\/05\/autunno-monte-bianco2-477x322.jpg\" alt=\"\" width=\"477\" height=\"322\" \/>\t\t\t\t\t\t\t\t\t\t\t<\/a>\n\t\t\t\t\t\t\t\t\t<\/div>\n\t\t\t<\/div>\n\t\t\t\t\t<div class=\"mkdf-ig-image mkdf-item-space\">\n\t\t\t\t<div class=\"mkdf-ig-image-inner\">\n\t\t\t\t\t\t\t\t\t\t\t<a itemprop=\"image\" class=\"mkdf-ig-lightbox\" href=\"https:\/\/www.lasallemontblanc.com\/wp-content\/uploads\/2021\/05\/autunno-montebianco-attivita2.jpg\" data-rel=\"prettyPhoto[image_gallery_pretty_photo-702]\" title=\"autunno-montebianco-attivita2\">\n\t\t\t\t\t\t\t\t\t\t\t<img loading=\"lazy\" decoding=\"async\" src=\"https:\/\/www.lasallemontblanc.com\/wp-content\/uploads\/2021\/05\/autunno-montebianco-attivita2-477x322.jpg\" alt=\"\" width=\"477\" height=\"322\" \/>\t\t\t\t\t\t\t\t\t\t\t<\/a>\n\t\t\t\t\t\t\t\t\t<\/div>\n\t\t\t<\/div>\n\t\t\t<\/div>\n<\/div>[vc_empty_space height=\u00a0\u00bb66px\u00a0\u00bb][vc_separator el_width=\u00a0\u00bb50&Prime;][vc_empty_space height=\u00a0\u00bb66px\u00a0\u00bb][\/vc_column][\/vc_row]<\/p>\n<\/div>","protected":false},"excerpt":{"rendered":"<p>[vc_row][vc_column][vc_empty_space height=\u00a0\u00bb33px\u00a0\u00bb][vc_column_text]En automne, \u00e0 La Salle, toute la magie de la nature explose dans sa beaut\u00e9 ultime, comme si elle [&hellip;]<\/p>\n","protected":false},"author":1,"featured_media":0,"parent":0,"menu_order":0,"comment_status":"closed","ping_status":"closed","template":"","meta":{"footnotes":""},"class_list":["post-10943","page","type-page","status-publish","hentry"],"yoast_head":"<!-- This site is optimized with the Yoast SEO plugin v27.1.1 - https:\/\/yoast.com\/product\/yoast-seo-wordpress\/ -->\n<title>L&#039;Automne \u00e0 La Salle Mont Blanc - La Salle Mont Blanc Experience<\/title>\n<meta name=\"robots\" content=\"index, follow, max-snippet:-1, max-image-preview:large, max-video-preview:-1\" \/>\n<link rel=\"canonical\" href=\"https:\/\/www.lasallemontblanc.com\/autunno-monte-bianco\/\" \/>\n<meta property=\"og:locale\" content=\"fr_FR\" \/>\n<meta property=\"og:type\" content=\"article\" \/>\n<meta property=\"og:title\" content=\"L&#039;Automne \u00e0 La Salle Mont Blanc - La Salle Mont Blanc Experience\" \/>\n<meta property=\"og:description\" content=\"[vc_row][vc_column][vc_empty_space height=\u00a0\u00bb33px\u00a0\u00bb][vc_column_text]En automne, \u00e0 La Salle, toute la magie de la nature explose dans sa beaut\u00e9 ultime, comme si elle [&hellip;]\" \/>\n<meta property=\"og:url\" content=\"https:\/\/www.lasallemontblanc.com\/autunno-monte-bianco\/\" \/>\n<meta property=\"og:site_name\" content=\"La Salle Mont Blanc Experience\" \/>\n<meta property=\"article:modified_time\" content=\"2021-05-25T16:01:07+00:00\" \/>\n<meta name=\"twitter:card\" content=\"summary_large_image\" \/>\n<meta name=\"twitter:label1\" content=\"Dur\u00e9e de lecture estim\u00e9e\" \/>\n\t<meta name=\"twitter:data1\" content=\"1 minute\" \/>\n<script type=\"application\/ld+json\" class=\"yoast-schema-graph\">{\"@context\":\"https:\/\/schema.org\",\"@graph\":[{\"@type\":\"WebPage\",\"@id\":\"https:\/\/www.lasallemontblanc.com\/autunno-monte-bianco\/\",\"url\":\"https:\/\/www.lasallemontblanc.com\/autunno-monte-bianco\/\",\"name\":\"L'Automne \u00e0 La Salle Mont Blanc - La Salle Mont Blanc Experience\",\"isPartOf\":{\"@id\":\"https:\/\/www.lasallemontblanc.com\/#website\"},\"datePublished\":\"2021-05-14T09:49:16+00:00\",\"dateModified\":\"2021-05-25T16:01:07+00:00\",\"breadcrumb\":{\"@id\":\"https:\/\/www.lasallemontblanc.com\/autunno-monte-bianco\/#breadcrumb\"},\"inLanguage\":\"fr-FR\",\"potentialAction\":[{\"@type\":\"ReadAction\",\"target\":[\"https:\/\/www.lasallemontblanc.com\/autunno-monte-bianco\/\"]}]},{\"@type\":\"BreadcrumbList\",\"@id\":\"https:\/\/www.lasallemontblanc.com\/autunno-monte-bianco\/#breadcrumb\",\"itemListElement\":[{\"@type\":\"ListItem\",\"position\":1,\"name\":\"Home\",\"item\":\"https:\/\/www.lasallemontblanc.com\/fr\/\"},{\"@type\":\"ListItem\",\"position\":2,\"name\":\"L&#8217;Automne \u00e0 La Salle Mont Blanc\"}]},{\"@type\":\"WebSite\",\"@id\":\"https:\/\/www.lasallemontblanc.com\/#website\",\"url\":\"https:\/\/www.lasallemontblanc.com\/\",\"name\":\"La Salle Mont Blanc Experience\",\"description\":\"Vivi il turismo nel Monte Bianco\",\"potentialAction\":[{\"@type\":\"SearchAction\",\"target\":{\"@type\":\"EntryPoint\",\"urlTemplate\":\"https:\/\/www.lasallemontblanc.com\/?s={search_term_string}\"},\"query-input\":{\"@type\":\"PropertyValueSpecification\",\"valueRequired\":true,\"valueName\":\"search_term_string\"}}],\"inLanguage\":\"fr-FR\"}]}<\/script>\n<!-- \/ Yoast SEO plugin. -->","yoast_head_json":{"title":"L'Automne \u00e0 La Salle Mont Blanc - La Salle Mont Blanc Experience","robots":{"index":"index","follow":"follow","max-snippet":"max-snippet:-1","max-image-preview":"max-image-preview:large","max-video-preview":"max-video-preview:-1"},"canonical":"https:\/\/www.lasallemontblanc.com\/autunno-monte-bianco\/","og_locale":"fr_FR","og_type":"article","og_title":"L'Automne \u00e0 La Salle Mont Blanc - La Salle Mont Blanc Experience","og_description":"[vc_row][vc_column][vc_empty_space height=\u00a0\u00bb33px\u00a0\u00bb][vc_column_text]En automne, \u00e0 La Salle, toute la magie de la nature explose dans sa beaut\u00e9 ultime, comme si elle [&hellip;]","og_url":"https:\/\/www.lasallemontblanc.com\/autunno-monte-bianco\/","og_site_name":"La Salle Mont Blanc Experience","article_modified_time":"2021-05-25T16:01:07+00:00","twitter_card":"summary_large_image","twitter_misc":{"Dur\u00e9e de lecture estim\u00e9e":"1 minute"},"schema":{"@context":"https:\/\/schema.org","@graph":[{"@type":"WebPage","@id":"https:\/\/www.lasallemontblanc.com\/autunno-monte-bianco\/","url":"https:\/\/www.lasallemontblanc.com\/autunno-monte-bianco\/","name":"L'Automne \u00e0 La Salle Mont Blanc - La Salle Mont Blanc Experience","isPartOf":{"@id":"https:\/\/www.lasallemontblanc.com\/#website"},"datePublished":"2021-05-14T09:49:16+00:00","dateModified":"2021-05-25T16:01:07+00:00","breadcrumb":{"@id":"https:\/\/www.lasallemontblanc.com\/autunno-monte-bianco\/#breadcrumb"},"inLanguage":"fr-FR","potentialAction":[{"@type":"ReadAction","target":["https:\/\/www.lasallemontblanc.com\/autunno-monte-bianco\/"]}]},{"@type":"BreadcrumbList","@id":"https:\/\/www.lasallemontblanc.com\/autunno-monte-bianco\/#breadcrumb","itemListElement":[{"@type":"ListItem","position":1,"name":"Home","item":"https:\/\/www.lasallemontblanc.com\/fr\/"},{"@type":"ListItem","position":2,"name":"L&#8217;Automne \u00e0 La Salle Mont Blanc"}]},{"@type":"WebSite","@id":"https:\/\/www.lasallemontblanc.com\/#website","url":"https:\/\/www.lasallemontblanc.com\/","name":"La Salle Mont Blanc Experience","description":"Vivi il turismo nel Monte Bianco","potentialAction":[{"@type":"SearchAction","target":{"@type":"EntryPoint","urlTemplate":"https:\/\/www.lasallemontblanc.com\/?s={search_term_string}"},"query-input":{"@type":"PropertyValueSpecification","valueRequired":true,"valueName":"search_term_string"}}],"inLanguage":"fr-FR"}]}},"_links":{"self":[{"href":"https:\/\/www.lasallemontblanc.com\/fr\/wp-json\/wp\/v2\/pages\/10943","targetHints":{"allow":["GET"]}}],"collection":[{"href":"https:\/\/www.lasallemontblanc.com\/fr\/wp-json\/wp\/v2\/pages"}],"about":[{"href":"https:\/\/www.lasallemontblanc.com\/fr\/wp-json\/wp\/v2\/types\/page"}],"author":[{"embeddable":true,"href":"https:\/\/www.lasallemontblanc.com\/fr\/wp-json\/wp\/v2\/users\/1"}],"replies":[{"embeddable":true,"href":"https:\/\/www.lasallemontblanc.com\/fr\/wp-json\/wp\/v2\/comments?post=10943"}],"version-history":[{"count":0,"href":"https:\/\/www.lasallemontblanc.com\/fr\/wp-json\/wp\/v2\/pages\/10943\/revisions"}],"wp:attachment":[{"href":"https:\/\/www.lasallemontblanc.com\/fr\/wp-json\/wp\/v2\/media?parent=10943"}],"curies":[{"name":"wp","href":"https:\/\/api.w.org\/{rel}","templated":true}]}}