{"id":9190,"date":"2021-04-14T11:19:35","date_gmt":"2021-04-14T09:19:35","guid":{"rendered":"https:\/\/www.lasallemontblanc.com\/ristoranti-la-salle\/"},"modified":"2021-06-04T17:08:40","modified_gmt":"2021-06-04T15:08:40","slug":"ristoranti-la-salle","status":"publish","type":"page","link":"https:\/\/www.lasallemontblanc.com\/fr\/ristoranti-la-salle\/","title":{"rendered":"Restaurants"},"content":{"rendered":"<div class=\"wpb-content-wrapper\"><p>[vc_row css=\u00a0\u00bb.vc_custom_1618392451424{padding-top: 111px !important;padding-bottom: 111px !important;}\u00a0\u00bb][vc_column]<div class=\"mkdf-animation-holder mkdf-grow-in\" data-animation=\"mkdf-grow-in\" data-animation-delay=\"5\"><div class=\"mkdf-animation-inner\"><div class=\"mkdf-section-title-holder  \" style=\"text-align: left\">\n\t<div class=\"mkdf-st-inner\">\n\t\t\t\t\t<h2 class=\"mkdf-st-subtitle\" >\n\t\t\t\tChoisissez votre restaurant pr\u00e9f\u00e9r\u00e9...\t\t\t<\/h2>\n\t\t\t\t\t\t\t<h4 class=\"mkdf-st-title\" >\n\t\t\t\tet r\u00e9servez!\t\t\t<\/h4>\n\t\t\t\t\t<\/div>\n<\/div><\/div><\/div>[vc_empty_space height=\u00a0\u00bb44px\u00a0\u00bb]<div class=\"mkdf-tours-list-holder mkdf-tours-row mkdf-tr-normal-space mkdf-has-label mkdf-tours-columns-3\">\n\t\t\t\n\t\t\n        <div class=\"mkdf-tours-list-holder-inner mkdf-tours-row-inner-holder\">\n\t\t\t<div class=\"mkdf-tours-list-grid-sizer\"><\/div>\n\t\t\t<div class=\"mkdf-tours-gallery-simple-item mkdf-tours-row-item mkdf-tour-item-no-rating post-12864 tour-item type-tour-item status-publish has-post-thumbnail hentry tour-category-ristoranti\">\n\t\t\t<div class=\"mkdf-tours-gallery-simple-item-image-holder\">\n\t\t\t\t\t\t\n\t\t\t<div class=\"mkdf-tours-gallery-simple-item-image\">\n\t\t\t\t<img loading=\"lazy\" decoding=\"async\" src=\"https:\/\/www.lasallemontblanc.com\/wp-content\/uploads\/2023\/06\/Dove-mangiare-a-La-Salle_Bar-20ventidue-413x206.jpg\" alt=\"Dove mangiare a La Salle_Bar 20ventidue\" width=\"413\" height=\"206\" \/>\t\t\t\t<span class=\"mkdf-tours-gallery-simple-item-price-holder\">\n\t\t\t\t\t\n\t\t<span class=\"mkdf-tours-price-holder\">\n\t\t\t\t\t\t\t\t<\/span>\n\n\t\t\t\t\t\t<\/span>\t\t\t\t\n\t\t\t\t<div class=\"mkdf-tours-gallery-simple-item-content-holder\">\n\t\t\t\t\t<div class=\"mkdf-tours-gallery-simple-item-content-inner\">\n\t\t\t\t\t\t\t\t\t\t\t\t<div class=\"mkdf-tours-gallery-simple-title-holder\">\n\t\t\t\t\t\t\t<h6 class=\"mkdf-tour-title\">\n\t\t\t\t\t\t\t\tBar 20ventidue\t\t\t\t\t\t\t<\/h6>\n\t\t\t\t\t\t<\/div>\n\t\t\t\t\t<\/div>\n\t\t\t\t<\/div>\n\t\t\t\t<a class=\"mkdf-tours-gallery-simple-item-link\" href=\"https:\/\/www.lasallemontblanc.com\/fr\/tour-item\/bar-20ventidue-la-salle\/\"><\/a>\n\t\t\t<\/div>\n\t\t<\/div>\n\t<\/div><div class=\"mkdf-tours-gallery-simple-item mkdf-tours-row-item mkdf-tour-item-no-rating post-11469 tour-item type-tour-item status-publish has-post-thumbnail hentry tour-category-ristoranti-fr\">\n\t\t\t<div class=\"mkdf-tours-gallery-simple-item-image-holder\">\n\t\t\t\t\t\t\n\t\t\t<div class=\"mkdf-tours-gallery-simple-item-image\">\n\t\t\t\t<img loading=\"lazy\" decoding=\"async\" src=\"https:\/\/www.lasallemontblanc.com\/wp-content\/uploads\/2021\/06\/fonduteria-la-salle1-413x206.jpg\" alt=\"\" width=\"413\" height=\"206\" \/>\t\t\t\t<span class=\"mkdf-tours-gallery-simple-item-price-holder\">\n\t\t\t\t\t\n\t\t<span class=\"mkdf-tours-price-holder\">\n\t\t\t\t\t\t\t\t<\/span>\n\n\t\t\t\t\t\t<\/span>\t\t\t\t\n\t\t\t\t<div class=\"mkdf-tours-gallery-simple-item-content-holder\">\n\t\t\t\t\t<div class=\"mkdf-tours-gallery-simple-item-content-inner\">\n\t\t\t\t\t\t\t\t\t\t\t\t<div class=\"mkdf-tours-gallery-simple-title-holder\">\n\t\t\t\t\t\t\t<h6 class=\"mkdf-tour-title\">\n\t\t\t\t\t\t\t\tLa Fonduteria\t\t\t\t\t\t\t<\/h6>\n\t\t\t\t\t\t<\/div>\n\t\t\t\t\t<\/div>\n\t\t\t\t<\/div>\n\t\t\t\t<a class=\"mkdf-tours-gallery-simple-item-link\" href=\"https:\/\/www.lasallemontblanc.com\/fr\/tour-item\/la-fonduteria\/\"><\/a>\n\t\t\t<\/div>\n\t\t<\/div>\n\t<\/div><div class=\"mkdf-tours-gallery-simple-item mkdf-tours-row-item mkdf-tour-item-no-rating post-10046 tour-item type-tour-item status-publish has-post-thumbnail hentry tour-category-ristoranti-fr\">\n\t\t\t<div class=\"mkdf-tours-gallery-simple-item-image-holder\">\n\t\t\t\t\t\t\n\t\t\t<div class=\"mkdf-tours-gallery-simple-item-image\">\n\t\t\t\t<img loading=\"lazy\" decoding=\"async\" src=\"https:\/\/www.lasallemontblanc.com\/wp-content\/uploads\/2021\/04\/La-Jolie-Bergere_Paul-scaled-413x206.jpg\" alt=\"La Jolie Bergere\" width=\"413\" height=\"206\" \/>\t\t\t\t<span class=\"mkdf-tours-gallery-simple-item-price-holder\">\n\t\t\t\t\t\n\t\t<span class=\"mkdf-tours-price-holder\">\n\t\t\t\t\t\t\t\t<\/span>\n\n\t\t\t\t\t\t<\/span>\t\t\t\t\n\t\t\t\t<div class=\"mkdf-tours-gallery-simple-item-content-holder\">\n\t\t\t\t\t<div class=\"mkdf-tours-gallery-simple-item-content-inner\">\n\t\t\t\t\t\t\t\t\t\t\t\t<div class=\"mkdf-tours-gallery-simple-title-holder\">\n\t\t\t\t\t\t\t<h6 class=\"mkdf-tour-title\">\n\t\t\t\t\t\t\t\tLa Jolie Berg\u00e8re\t\t\t\t\t\t\t<\/h6>\n\t\t\t\t\t\t<\/div>\n\t\t\t\t\t<\/div>\n\t\t\t\t<\/div>\n\t\t\t\t<a class=\"mkdf-tours-gallery-simple-item-link\" href=\"https:\/\/www.lasallemontblanc.com\/fr\/tour-item\/la-jolie-bergere\/\"><\/a>\n\t\t\t<\/div>\n\t\t<\/div>\n\t<\/div><div class=\"mkdf-tours-gallery-simple-item mkdf-tours-row-item mkdf-tour-item-no-rating post-11457 tour-item type-tour-item status-publish has-post-thumbnail hentry tour-category-ristoranti-fr\">\n\t\t\t<div class=\"mkdf-tours-gallery-simple-item-image-holder\">\n\t\t\t\t\t\t\n\t\t\t<div class=\"mkdf-tours-gallery-simple-item-image\">\n\t\t\t\t<img loading=\"lazy\" decoding=\"async\" src=\"https:\/\/www.lasallemontblanc.com\/wp-content\/uploads\/2021\/06\/ristorante-la-salle4-413x206.jpg\" alt=\"\" width=\"413\" height=\"206\" \/>\t\t\t\t<span class=\"mkdf-tours-gallery-simple-item-price-holder\">\n\t\t\t\t\t\n\t\t<span class=\"mkdf-tours-price-holder\">\n\t\t\t\t\t\t\t\t<\/span>\n\n\t\t\t\t\t\t<\/span>\t\t\t\t\n\t\t\t\t<div class=\"mkdf-tours-gallery-simple-item-content-holder\">\n\t\t\t\t\t<div class=\"mkdf-tours-gallery-simple-item-content-inner\">\n\t\t\t\t\t\t\t\t\t\t\t\t<div class=\"mkdf-tours-gallery-simple-title-holder\">\n\t\t\t\t\t\t\t<h6 class=\"mkdf-tour-title\">\n\t\t\t\t\t\t\t\tPizzeria Da Enzo\t\t\t\t\t\t\t<\/h6>\n\t\t\t\t\t\t<\/div>\n\t\t\t\t\t<\/div>\n\t\t\t\t<\/div>\n\t\t\t\t<a class=\"mkdf-tours-gallery-simple-item-link\" href=\"https:\/\/www.lasallemontblanc.com\/fr\/tour-item\/pizzeria-da-enzo\/\"><\/a>\n\t\t\t<\/div>\n\t\t<\/div>\n\t<\/div><div class=\"mkdf-tours-gallery-simple-item mkdf-tours-row-item mkdf-tour-item-no-rating post-9214 tour-item type-tour-item status-publish has-post-thumbnail hentry tour-category-ristoranti-fr\">\n\t\t\t<div class=\"mkdf-tours-gallery-simple-item-image-holder\">\n\t\t\t\t\t\t\n\t\t\t<div class=\"mkdf-tours-gallery-simple-item-image\">\n\t\t\t\t<img loading=\"lazy\" decoding=\"async\" src=\"https:\/\/www.lasallemontblanc.com\/wp-content\/uploads\/2021\/04\/trattoria-la-salle2-413x206.jpg\" alt=\"trattoria la salle 2\" width=\"413\" height=\"206\" \/>\t\t\t\t<span class=\"mkdf-tours-gallery-simple-item-price-holder\">\n\t\t\t\t\t\n\t\t<span class=\"mkdf-tours-price-holder\">\n\t\t\t\t\t\t\t\t<\/span>\n\n\t\t\t\t\t\t<\/span>\t\t\t\t\n\t\t\t\t<div class=\"mkdf-tours-gallery-simple-item-content-holder\">\n\t\t\t\t\t<div class=\"mkdf-tours-gallery-simple-item-content-inner\">\n\t\t\t\t\t\t\t\t\t\t\t\t<div class=\"mkdf-tours-gallery-simple-title-holder\">\n\t\t\t\t\t\t\t<h6 class=\"mkdf-tour-title\">\n\t\t\t\t\t\t\t\tRestaurant Cheverel\t\t\t\t\t\t\t<\/h6>\n\t\t\t\t\t\t<\/div>\n\t\t\t\t\t<\/div>\n\t\t\t\t<\/div>\n\t\t\t\t<a class=\"mkdf-tours-gallery-simple-item-link\" href=\"https:\/\/www.lasallemontblanc.com\/fr\/tour-item\/ristorante-cheverel\/\"><\/a>\n\t\t\t<\/div>\n\t\t<\/div>\n\t<\/div><div class=\"mkdf-tours-gallery-simple-item mkdf-tours-row-item mkdf-tour-item-no-rating post-9035 tour-item type-tour-item status-publish has-post-thumbnail hentry tour-category-ristoranti-fr\">\n\t\t\t<div class=\"mkdf-tours-gallery-simple-item-image-holder\">\n\t\t\t\t\t\t\n\t\t\t<div class=\"mkdf-tours-gallery-simple-item-image\">\n\t\t\t\t<img loading=\"lazy\" decoding=\"async\" src=\"https:\/\/www.lasallemontblanc.com\/wp-content\/uploads\/2021\/05\/ristorante-a-la-salle-valle-daosta-413x206.jpg\" alt=\"ristorante a la salle valle d&#039;aosta\" width=\"413\" height=\"206\" \/>\t\t\t\t<span class=\"mkdf-tours-gallery-simple-item-price-holder\">\n\t\t\t\t\t\n\t\t<span class=\"mkdf-tours-price-holder\">\n\t\t\t\t\t\t\t\t<\/span>\n\n\t\t\t\t\t\t<\/span>\t\t\t\t\n\t\t\t\t<div class=\"mkdf-tours-gallery-simple-item-content-holder\">\n\t\t\t\t\t<div class=\"mkdf-tours-gallery-simple-item-content-inner\">\n\t\t\t\t\t\t\t\t\t\t\t\t<div class=\"mkdf-tours-gallery-simple-title-holder\">\n\t\t\t\t\t\t\t<h6 class=\"mkdf-tour-title\">\n\t\t\t\t\t\t\t\tRestaurant Green Park\t\t\t\t\t\t\t<\/h6>\n\t\t\t\t\t\t<\/div>\n\t\t\t\t\t<\/div>\n\t\t\t\t<\/div>\n\t\t\t\t<a class=\"mkdf-tours-gallery-simple-item-link\" href=\"https:\/\/www.lasallemontblanc.com\/fr\/tour-item\/ristorante-green-park-lasalle\/\"><\/a>\n\t\t\t<\/div>\n\t\t<\/div>\n\t<\/div><div class=\"mkdf-tours-gallery-simple-item mkdf-tours-row-item mkdf-tour-item-no-rating post-7462 tour-item type-tour-item status-publish has-post-thumbnail hentry tour-category-ristoranti-fr\">\n\t\t\t<div class=\"mkdf-tours-gallery-simple-item-image-holder\">\n\t\t\t\t\t\t\n\t\t\t<div class=\"mkdf-tours-gallery-simple-item-image\">\n\t\t\t\t<img loading=\"lazy\" decoding=\"async\" src=\"https:\/\/www.lasallemontblanc.com\/wp-content\/uploads\/2021\/04\/la-salle-affittacamere-da-gigi-413x206.jpg\" alt=\"la salle affittacamere da gigi\" width=\"413\" height=\"206\" \/>\t\t\t\t<span class=\"mkdf-tours-gallery-simple-item-price-holder\">\n\t\t\t\t\t\n\t\t<span class=\"mkdf-tours-price-holder\">\n\t\t\t\t\t\t\t\t<\/span>\n\n\t\t\t\t\t\t<\/span>\t\t\t\t\n\t\t\t\t<div class=\"mkdf-tours-gallery-simple-item-content-holder\">\n\t\t\t\t\t<div class=\"mkdf-tours-gallery-simple-item-content-inner\">\n\t\t\t\t\t\t\t\t\t\t\t\t<div class=\"mkdf-tours-gallery-simple-title-holder\">\n\t\t\t\t\t\t\t<h6 class=\"mkdf-tour-title\">\n\t\t\t\t\t\t\t\tRestaurant l&rsquo;Ultimo\t\t\t\t\t\t\t<\/h6>\n\t\t\t\t\t\t<\/div>\n\t\t\t\t\t<\/div>\n\t\t\t\t<\/div>\n\t\t\t\t<a class=\"mkdf-tours-gallery-simple-item-link\" href=\"https:\/\/www.lasallemontblanc.com\/fr\/tour-item\/ristorante-ultimo\/\"><\/a>\n\t\t\t<\/div>\n\t\t<\/div>\n\t<\/div><div class=\"mkdf-tours-gallery-simple-item mkdf-tours-row-item mkdf-tour-item-no-rating post-9039 tour-item type-tour-item status-publish has-post-thumbnail hentry tour-category-ristoranti-fr\">\n\t\t\t<div class=\"mkdf-tours-gallery-simple-item-image-holder\">\n\t\t\t\t\t\t\n\t\t\t<div class=\"mkdf-tours-gallery-simple-item-image\">\n\t\t\t\t<img loading=\"lazy\" decoding=\"async\" src=\"https:\/\/www.lasallemontblanc.com\/wp-content\/uploads\/2021\/05\/ristorante-gourmet-la-salle3-413x206.jpg\" alt=\"ristorante gourmet la salle\" width=\"413\" height=\"206\" \/>\t\t\t\t<span class=\"mkdf-tours-gallery-simple-item-price-holder\">\n\t\t\t\t\t\n\t\t<span class=\"mkdf-tours-price-holder\">\n\t\t\t\t\t\t\t\t<\/span>\n\n\t\t\t\t\t\t<\/span>\t\t\t\t\n\t\t\t\t<div class=\"mkdf-tours-gallery-simple-item-content-holder\">\n\t\t\t\t\t<div class=\"mkdf-tours-gallery-simple-item-content-inner\">\n\t\t\t\t\t\t\t\t\t\t\t\t<div class=\"mkdf-tours-gallery-simple-title-holder\">\n\t\t\t\t\t\t\t<h6 class=\"mkdf-tour-title\">\n\t\t\t\t\t\t\t\tRestaurant La Fen\u00eatre\t\t\t\t\t\t\t<\/h6>\n\t\t\t\t\t\t<\/div>\n\t\t\t\t\t<\/div>\n\t\t\t\t<\/div>\n\t\t\t\t<a class=\"mkdf-tours-gallery-simple-item-link\" href=\"https:\/\/www.lasallemontblanc.com\/fr\/tour-item\/ristorante-la-fenetre\/\"><\/a>\n\t\t\t<\/div>\n\t\t<\/div>\n\t<\/div><div class=\"mkdf-tours-gallery-simple-item mkdf-tours-row-item mkdf-tour-item-no-rating post-7291 tour-item type-tour-item status-publish has-post-thumbnail hentry tour-category-ristoranti-fr\">\n\t\t\t<div class=\"mkdf-tours-gallery-simple-item-image-holder\">\n\t\t\t\t\t\t\n\t\t\t<div class=\"mkdf-tours-gallery-simple-item-image\">\n\t\t\t\t<img loading=\"lazy\" decoding=\"async\" src=\"https:\/\/www.lasallemontblanc.com\/wp-content\/uploads\/2021\/04\/La-Macina_Gianna-413x206.jpg\" alt=\"La Macina\" width=\"413\" height=\"206\" \/>\t\t\t\t<span class=\"mkdf-tours-gallery-simple-item-price-holder\">\n\t\t\t\t\t\n\t\t<span class=\"mkdf-tours-price-holder\">\n\t\t\t\t\t\t\t\t<\/span>\n\n\t\t\t\t\t\t<\/span>\t\t\t\t\n\t\t\t\t<div class=\"mkdf-tours-gallery-simple-item-content-holder\">\n\t\t\t\t\t<div class=\"mkdf-tours-gallery-simple-item-content-inner\">\n\t\t\t\t\t\t\t\t\t\t\t\t<div class=\"mkdf-tours-gallery-simple-title-holder\">\n\t\t\t\t\t\t\t<h6 class=\"mkdf-tour-title\">\n\t\t\t\t\t\t\t\tRestaurant La Macina\t\t\t\t\t\t\t<\/h6>\n\t\t\t\t\t\t<\/div>\n\t\t\t\t\t<\/div>\n\t\t\t\t<\/div>\n\t\t\t\t<a class=\"mkdf-tours-gallery-simple-item-link\" href=\"https:\/\/www.lasallemontblanc.com\/fr\/tour-item\/ristorante-la-macina\/\"><\/a>\n\t\t\t<\/div>\n\t\t<\/div>\n\t<\/div><div class=\"mkdf-tours-gallery-simple-item mkdf-tours-row-item mkdf-tour-item-no-rating post-7247 tour-item type-tour-item status-publish has-post-thumbnail hentry tour-category-ristoranti-fr\">\n\t\t\t<div class=\"mkdf-tours-gallery-simple-item-image-holder\">\n\t\t\t\t\t\t\n\t\t\t<div class=\"mkdf-tours-gallery-simple-item-image\">\n\t\t\t\t<img loading=\"lazy\" decoding=\"async\" src=\"https:\/\/www.lasallemontblanc.com\/wp-content\/uploads\/2021\/04\/ristorante-a-la-salle-413x206.jpg\" alt=\"ristorante a la salle\" width=\"413\" height=\"206\" \/>\t\t\t\t<span class=\"mkdf-tours-gallery-simple-item-price-holder\">\n\t\t\t\t\t\n\t\t<span class=\"mkdf-tours-price-holder\">\n\t\t\t\t\t\t\t\t<\/span>\n\n\t\t\t\t\t\t<\/span>\t\t\t\t\n\t\t\t\t<div class=\"mkdf-tours-gallery-simple-item-content-holder\">\n\t\t\t\t\t<div class=\"mkdf-tours-gallery-simple-item-content-inner\">\n\t\t\t\t\t\t\t\t\t\t\t\t<div class=\"mkdf-tours-gallery-simple-title-holder\">\n\t\t\t\t\t\t\t<h6 class=\"mkdf-tour-title\">\n\t\t\t\t\t\t\t\tRestaurant La Roueige\t\t\t\t\t\t\t<\/h6>\n\t\t\t\t\t\t<\/div>\n\t\t\t\t\t<\/div>\n\t\t\t\t<\/div>\n\t\t\t\t<a class=\"mkdf-tours-gallery-simple-item-link\" href=\"https:\/\/www.lasallemontblanc.com\/fr\/tour-item\/ristoro-la-roueige\/\"><\/a>\n\t\t\t<\/div>\n\t\t<\/div>\n\t<\/div><div class=\"mkdf-tours-gallery-simple-item mkdf-tours-row-item mkdf-tour-item-no-rating post-7261 tour-item type-tour-item status-publish has-post-thumbnail hentry tour-category-ristoranti-fr\">\n\t\t\t<div class=\"mkdf-tours-gallery-simple-item-image-holder\">\n\t\t\t\t\t\t\n\t\t\t<div class=\"mkdf-tours-gallery-simple-item-image\">\n\t\t\t\t<img loading=\"lazy\" decoding=\"async\" src=\"https:\/\/www.lasallemontblanc.com\/wp-content\/uploads\/2021\/04\/petit-gourmet4-413x206.jpg\" alt=\"petit gourmet 4\" width=\"413\" height=\"206\" \/>\t\t\t\t<span class=\"mkdf-tours-gallery-simple-item-price-holder\">\n\t\t\t\t\t\n\t\t<span class=\"mkdf-tours-price-holder\">\n\t\t\t\t\t\t\t\t<\/span>\n\n\t\t\t\t\t\t<\/span>\t\t\t\t\n\t\t\t\t<div class=\"mkdf-tours-gallery-simple-item-content-holder\">\n\t\t\t\t\t<div class=\"mkdf-tours-gallery-simple-item-content-inner\">\n\t\t\t\t\t\t\t\t\t\t\t\t<div class=\"mkdf-tours-gallery-simple-title-holder\">\n\t\t\t\t\t\t\t<h6 class=\"mkdf-tour-title\">\n\t\t\t\t\t\t\t\tRestaurant Le Petit Gourmet\t\t\t\t\t\t\t<\/h6>\n\t\t\t\t\t\t<\/div>\n\t\t\t\t\t<\/div>\n\t\t\t\t<\/div>\n\t\t\t\t<a class=\"mkdf-tours-gallery-simple-item-link\" href=\"https:\/\/www.lasallemontblanc.com\/fr\/tour-item\/ristorante-le-petit-gourmet\/\"><\/a>\n\t\t\t<\/div>\n\t\t<\/div>\n\t<\/div><div class=\"mkdf-tours-gallery-simple-item mkdf-tours-row-item mkdf-tour-item-no-rating post-10513 tour-item type-tour-item status-publish has-post-thumbnail hentry tour-category-ristoranti-fr\">\n\t\t\t<div class=\"mkdf-tours-gallery-simple-item-image-holder\">\n\t\t\t\t\t\t\n\t\t\t<div class=\"mkdf-tours-gallery-simple-item-image\">\n\t\t\t\t<img loading=\"lazy\" decoding=\"async\" src=\"https:\/\/www.lasallemontblanc.com\/wp-content\/uploads\/2021\/05\/ristorante-valledaosta1-413x206.jpg\" alt=\"ristorante valle d&#039;aosta\" width=\"413\" height=\"206\" \/>\t\t\t\t<span class=\"mkdf-tours-gallery-simple-item-price-holder\">\n\t\t\t\t\t\n\t\t<span class=\"mkdf-tours-price-holder\">\n\t\t\t\t\t\t\t\t<\/span>\n\n\t\t\t\t\t\t<\/span>\t\t\t\t\n\t\t\t\t<div class=\"mkdf-tours-gallery-simple-item-content-holder\">\n\t\t\t\t\t<div class=\"mkdf-tours-gallery-simple-item-content-inner\">\n\t\t\t\t\t\t\t\t\t\t\t\t<div class=\"mkdf-tours-gallery-simple-title-holder\">\n\t\t\t\t\t\t\t<h6 class=\"mkdf-tour-title\">\n\t\t\t\t\t\t\t\tRestaurant Les Combes\t\t\t\t\t\t\t<\/h6>\n\t\t\t\t\t\t<\/div>\n\t\t\t\t\t<\/div>\n\t\t\t\t<\/div>\n\t\t\t\t<a class=\"mkdf-tours-gallery-simple-item-link\" href=\"https:\/\/www.lasallemontblanc.com\/fr\/tour-item\/ristorante-les-combes\/\"><\/a>\n\t\t\t<\/div>\n\t\t<\/div>\n\t<\/div><div class=\"mkdf-tours-gallery-simple-item mkdf-tours-row-item mkdf-tour-item-no-rating post-7250 tour-item type-tour-item status-publish has-post-thumbnail hentry tour-category-ristoranti-fr\">\n\t\t\t<div class=\"mkdf-tours-gallery-simple-item-image-holder\">\n\t\t\t\t\t\t\n\t\t\t<div class=\"mkdf-tours-gallery-simple-item-image\">\n\t\t\t\t<img loading=\"lazy\" decoding=\"async\" src=\"https:\/\/www.lasallemontblanc.com\/wp-content\/uploads\/2021\/04\/ristorante-montebianco-413x206.jpg\" alt=\"\" width=\"413\" height=\"206\" \/>\t\t\t\t<span class=\"mkdf-tours-gallery-simple-item-price-holder\">\n\t\t\t\t\t\n\t\t<span class=\"mkdf-tours-price-holder\">\n\t\t\t\t\t\t\t\t<\/span>\n\n\t\t\t\t\t\t<\/span>\t\t\t\t\n\t\t\t\t<div class=\"mkdf-tours-gallery-simple-item-content-holder\">\n\t\t\t\t\t<div class=\"mkdf-tours-gallery-simple-item-content-inner\">\n\t\t\t\t\t\t\t\t\t\t\t\t<div class=\"mkdf-tours-gallery-simple-title-holder\">\n\t\t\t\t\t\t\t<h6 class=\"mkdf-tour-title\">\n\t\t\t\t\t\t\t\tRestaurant Mont Blanc\t\t\t\t\t\t\t<\/h6>\n\t\t\t\t\t\t<\/div>\n\t\t\t\t\t<\/div>\n\t\t\t\t<\/div>\n\t\t\t\t<a class=\"mkdf-tours-gallery-simple-item-link\" href=\"https:\/\/www.lasallemontblanc.com\/fr\/tour-item\/restaurant-mont-blanc\/\"><\/a>\n\t\t\t<\/div>\n\t\t<\/div>\n\t<\/div><div class=\"mkdf-tours-gallery-simple-item mkdf-tours-row-item mkdf-tour-item-no-rating post-9994 tour-item type-tour-item status-publish has-post-thumbnail hentry tour-category-ristoranti-fr\">\n\t\t\t<div class=\"mkdf-tours-gallery-simple-item-image-holder\">\n\t\t\t\t\t\t\n\t\t\t<div class=\"mkdf-tours-gallery-simple-item-image\">\n\t\t\t\t<img loading=\"lazy\" decoding=\"async\" src=\"https:\/\/www.lasallemontblanc.com\/wp-content\/uploads\/2021\/05\/pizzeria-lasalle-413x206.jpg\" alt=\"\" width=\"413\" height=\"206\" \/>\t\t\t\t<span class=\"mkdf-tours-gallery-simple-item-price-holder\">\n\t\t\t\t\t\n\t\t<span class=\"mkdf-tours-price-holder\">\n\t\t\t\t\t\t\t\t<\/span>\n\n\t\t\t\t\t\t<\/span>\t\t\t\t\n\t\t\t\t<div class=\"mkdf-tours-gallery-simple-item-content-holder\">\n\t\t\t\t\t<div class=\"mkdf-tours-gallery-simple-item-content-inner\">\n\t\t\t\t\t\t\t\t\t\t\t\t<div class=\"mkdf-tours-gallery-simple-title-holder\">\n\t\t\t\t\t\t\t<h6 class=\"mkdf-tour-title\">\n\t\t\t\t\t\t\t\tRestaurant Pizzeria Papagran\t\t\t\t\t\t\t<\/h6>\n\t\t\t\t\t\t<\/div>\n\t\t\t\t\t<\/div>\n\t\t\t\t<\/div>\n\t\t\t\t<a class=\"mkdf-tours-gallery-simple-item-link\" href=\"https:\/\/www.lasallemontblanc.com\/fr\/tour-item\/ristorante-pizzeria-papagran\/\"><\/a>\n\t\t\t<\/div>\n\t\t<\/div>\n\t<\/div>\t\t<\/div>\n\n\t\t\n\n\t\t<\/div>[\/vc_column][\/vc_row]<\/p>\n<\/div>","protected":false},"excerpt":{"rendered":"<p>[vc_row css=\u00a0\u00bb.vc_custom_1618392451424{padding-top: 111px !important;padding-bottom: 111px !important;}\u00a0\u00bb][vc_column][vc_empty_space height=\u00a0\u00bb44px\u00a0\u00bb][\/vc_column][\/vc_row]<\/p>\n","protected":false},"author":1,"featured_media":0,"parent":0,"menu_order":0,"comment_status":"closed","ping_status":"closed","template":"","meta":{"footnotes":""},"class_list":["post-9190","page","type-page","status-publish","hentry"],"yoast_head":"<!-- This site is optimized with the Yoast SEO plugin v27.1.1 - https:\/\/yoast.com\/product\/yoast-seo-wordpress\/ -->\n<title>Restaurants - La Salle Mont Blanc Experience<\/title>\n<meta name=\"robots\" content=\"index, follow, max-snippet:-1, max-image-preview:large, max-video-preview:-1\" \/>\n<link rel=\"canonical\" href=\"https:\/\/www.lasallemontblanc.com\/ristoranti-la-salle\/\" \/>\n<meta property=\"og:locale\" content=\"fr_FR\" \/>\n<meta property=\"og:type\" content=\"article\" \/>\n<meta property=\"og:title\" content=\"Restaurants - La Salle Mont Blanc Experience\" \/>\n<meta property=\"og:description\" content=\"[vc_row css=\u00a0\u00bb.vc_custom_1618392451424{padding-top: 111px !important;padding-bottom: 111px !important;}\u00a0\u00bb][vc_column][vc_empty_space height=\u00a0\u00bb44px\u00a0\u00bb][\/vc_column][\/vc_row]\" \/>\n<meta property=\"og:url\" content=\"https:\/\/www.lasallemontblanc.com\/ristoranti-la-salle\/\" \/>\n<meta property=\"og:site_name\" content=\"La Salle Mont Blanc Experience\" \/>\n<meta property=\"article:modified_time\" content=\"2021-06-04T15:08:40+00:00\" \/>\n<meta name=\"twitter:card\" content=\"summary_large_image\" \/>\n<meta name=\"twitter:label1\" content=\"Dur\u00e9e de lecture estim\u00e9e\" \/>\n\t<meta name=\"twitter:data1\" content=\"1 minute\" \/>\n<script type=\"application\/ld+json\" class=\"yoast-schema-graph\">{\"@context\":\"https:\/\/schema.org\",\"@graph\":[{\"@type\":\"WebPage\",\"@id\":\"https:\/\/www.lasallemontblanc.com\/ristoranti-la-salle\/\",\"url\":\"https:\/\/www.lasallemontblanc.com\/ristoranti-la-salle\/\",\"name\":\"Restaurants - La Salle Mont Blanc Experience\",\"isPartOf\":{\"@id\":\"https:\/\/www.lasallemontblanc.com\/#website\"},\"datePublished\":\"2021-04-14T09:19:35+00:00\",\"dateModified\":\"2021-06-04T15:08:40+00:00\",\"breadcrumb\":{\"@id\":\"https:\/\/www.lasallemontblanc.com\/ristoranti-la-salle\/#breadcrumb\"},\"inLanguage\":\"fr-FR\",\"potentialAction\":[{\"@type\":\"ReadAction\",\"target\":[\"https:\/\/www.lasallemontblanc.com\/ristoranti-la-salle\/\"]}]},{\"@type\":\"BreadcrumbList\",\"@id\":\"https:\/\/www.lasallemontblanc.com\/ristoranti-la-salle\/#breadcrumb\",\"itemListElement\":[{\"@type\":\"ListItem\",\"position\":1,\"name\":\"Home\",\"item\":\"https:\/\/www.lasallemontblanc.com\/fr\/\"},{\"@type\":\"ListItem\",\"position\":2,\"name\":\"Restaurants\"}]},{\"@type\":\"WebSite\",\"@id\":\"https:\/\/www.lasallemontblanc.com\/#website\",\"url\":\"https:\/\/www.lasallemontblanc.com\/\",\"name\":\"La Salle Mont Blanc Experience\",\"description\":\"Vivi il turismo nel Monte Bianco\",\"potentialAction\":[{\"@type\":\"SearchAction\",\"target\":{\"@type\":\"EntryPoint\",\"urlTemplate\":\"https:\/\/www.lasallemontblanc.com\/?s={search_term_string}\"},\"query-input\":{\"@type\":\"PropertyValueSpecification\",\"valueRequired\":true,\"valueName\":\"search_term_string\"}}],\"inLanguage\":\"fr-FR\"}]}<\/script>\n<!-- \/ Yoast SEO plugin. -->","yoast_head_json":{"title":"Restaurants - La Salle Mont Blanc Experience","robots":{"index":"index","follow":"follow","max-snippet":"max-snippet:-1","max-image-preview":"max-image-preview:large","max-video-preview":"max-video-preview:-1"},"canonical":"https:\/\/www.lasallemontblanc.com\/ristoranti-la-salle\/","og_locale":"fr_FR","og_type":"article","og_title":"Restaurants - La Salle Mont Blanc Experience","og_description":"[vc_row css=\u00a0\u00bb.vc_custom_1618392451424{padding-top: 111px !important;padding-bottom: 111px !important;}\u00a0\u00bb][vc_column][vc_empty_space height=\u00a0\u00bb44px\u00a0\u00bb][\/vc_column][\/vc_row]","og_url":"https:\/\/www.lasallemontblanc.com\/ristoranti-la-salle\/","og_site_name":"La Salle Mont Blanc Experience","article_modified_time":"2021-06-04T15:08:40+00:00","twitter_card":"summary_large_image","twitter_misc":{"Dur\u00e9e de lecture estim\u00e9e":"1 minute"},"schema":{"@context":"https:\/\/schema.org","@graph":[{"@type":"WebPage","@id":"https:\/\/www.lasallemontblanc.com\/ristoranti-la-salle\/","url":"https:\/\/www.lasallemontblanc.com\/ristoranti-la-salle\/","name":"Restaurants - La Salle Mont Blanc Experience","isPartOf":{"@id":"https:\/\/www.lasallemontblanc.com\/#website"},"datePublished":"2021-04-14T09:19:35+00:00","dateModified":"2021-06-04T15:08:40+00:00","breadcrumb":{"@id":"https:\/\/www.lasallemontblanc.com\/ristoranti-la-salle\/#breadcrumb"},"inLanguage":"fr-FR","potentialAction":[{"@type":"ReadAction","target":["https:\/\/www.lasallemontblanc.com\/ristoranti-la-salle\/"]}]},{"@type":"BreadcrumbList","@id":"https:\/\/www.lasallemontblanc.com\/ristoranti-la-salle\/#breadcrumb","itemListElement":[{"@type":"ListItem","position":1,"name":"Home","item":"https:\/\/www.lasallemontblanc.com\/fr\/"},{"@type":"ListItem","position":2,"name":"Restaurants"}]},{"@type":"WebSite","@id":"https:\/\/www.lasallemontblanc.com\/#website","url":"https:\/\/www.lasallemontblanc.com\/","name":"La Salle Mont Blanc Experience","description":"Vivi il turismo nel Monte Bianco","potentialAction":[{"@type":"SearchAction","target":{"@type":"EntryPoint","urlTemplate":"https:\/\/www.lasallemontblanc.com\/?s={search_term_string}"},"query-input":{"@type":"PropertyValueSpecification","valueRequired":true,"valueName":"search_term_string"}}],"inLanguage":"fr-FR"}]}},"_links":{"self":[{"href":"https:\/\/www.lasallemontblanc.com\/fr\/wp-json\/wp\/v2\/pages\/9190","targetHints":{"allow":["GET"]}}],"collection":[{"href":"https:\/\/www.lasallemontblanc.com\/fr\/wp-json\/wp\/v2\/pages"}],"about":[{"href":"https:\/\/www.lasallemontblanc.com\/fr\/wp-json\/wp\/v2\/types\/page"}],"author":[{"embeddable":true,"href":"https:\/\/www.lasallemontblanc.com\/fr\/wp-json\/wp\/v2\/users\/1"}],"replies":[{"embeddable":true,"href":"https:\/\/www.lasallemontblanc.com\/fr\/wp-json\/wp\/v2\/comments?post=9190"}],"version-history":[{"count":0,"href":"https:\/\/www.lasallemontblanc.com\/fr\/wp-json\/wp\/v2\/pages\/9190\/revisions"}],"wp:attachment":[{"href":"https:\/\/www.lasallemontblanc.com\/fr\/wp-json\/wp\/v2\/media?parent=9190"}],"curies":[{"name":"wp","href":"https:\/\/api.w.org\/{rel}","templated":true}]}}